{"id":1566,"date":"2018-07-06T23:02:56","date_gmt":"2018-07-06T23:02:56","guid":{"rendered":"http:\/\/azexo.com\/elastic\/?page_id=1566"},"modified":"2021-05-26T05:55:23","modified_gmt":"2021-05-26T05:55:23","slug":"sluzbyzakaznikum","status":"publish","type":"page","link":"https:\/\/www.interlogpro.eu\/index.php\/sluzbyzakaznikum\/","title":{"rendered":"sluzby zakaznikum"},"content":{"rendered":"<div data-section=\"elastic\/testimonials-4.html\" style=\"display: none; \"><div class=\"azen-elastic-background-inverted azen-elastic-border-color\" data-full-width=\"true\" data-background-type=\"none\" data-inverted-styles=\"true\" style=\"border-style: solid; border-top-width: 1px; border-bottom-width: 1px; \"><div class=\"az-overlay\" data-cloneable=\"\"><div><\/div><\/div><div class=\"az-shape-top\"><\/div><div class=\"az-shape-bottom\"><\/div><div class=\"az-splitted-section\" data-reverse=\"true\"><div class=\"az-background-column\" style=\"background-image: url('https:\/\/www.interlogpro.eu\/wp-content\/uploads\/2018\/07\/slider_1_3.png'); background-position: bottom center; background-repeat: no-repeat; background-size: contain; \" data-responsive-sm=\"background-position: bottom left\"><div class=\"az-overlay\" data-cloneable=\"\"><div><\/div><\/div><\/div><div class=\"az-content-column\"><div data-cloneable=\"\" class=\"az-elements-list\"><div data-element=\"general\/spacer.htm\" class=\"\"><div class=\"az-spacer az-resize\" data-group=\"spacer\" style=\"height: 143px; background-color: rgba(255, 255, 255, 0.0); \"><\/div><\/div><\/div><\/div><\/div><\/div><\/div><div data-section=\"elastic\/features.html\"><div class=\"azen-elastic-features azen-elastic-background-inverted\" data-inverted-styles=\"false\" data-full-width=\"true\" data-stretch-content=\"false\" data-content-width=\"full-width\" data-row-height=\"\" data-column-position=\"stretch\" data-content-position=\"top\" data-column-padding=\"15\" data-background-type=\"none\" style=\"background-image: url('\/'); padding-top: 141px; padding-bottom: 96px; \" data-parallax=\"false\" data-parallax-speed=\"40\" data-overflow-hidden=\"false\"><div class=\"az-overlay\" data-cloneable=\"\"><div><\/div><\/div><div class=\"az-shape-top\"><\/div><div class=\"az-shape-bottom\"><\/div><div class=\"azh-row\"><div class=\"azh-col-xs-12 azh-col-sm-12 azh-col-md-12 azh-col-lg-12 azh-col-xs-offset-0 azh-col-sm-offset-0 azh-col-md-offset-0 azh-col-lg-offset-0 az-elements-list\" data-cloneable=\"\"><div data-element=\"empty rows\/row.htm\" class=\"az-top-right-controls\"><div data-row-height=\"\" data-column-position=\"stretch\" data-content-width=\"full-width\" data-content-position=\"top\" data-column-padding=\"15\" style=\"padding-top: 0px; padding-bottom: 0px; \"><div class=\"azh-row\"><div class=\"azh-col-xs-12 azh-col-sm-6 azh-col-md-6 azh-col-lg-6 azh-col-xs-offset-0 azh-col-sm-offset-0 azh-col-md-offset-0 azh-col-lg-offset-0 az-elements-list\" data-cloneable=\"\"><div data-element=\"general\/text.htm\" style=\"margin-bottom: 19px; \"><div class=\"az-text az-contenteditable azen-elastic-header-inverted-i azen-elastic-font-family azen-elastic-heading-color azen-header\" data-sr=\"\" style=\"text-align: left; \">Pot\u0159ebujete se\u0159\u00eddit okna nebo dve\u0159e? Obra\u0165te se na n\u00e1s!&nbsp;<\/div><\/div><\/div><div class=\"azh-col-xs-12 azh-col-sm-6 azh-col-md-6 azh-col-lg-6 azh-col-xs-offset-0 azh-col-sm-offset-0 azh-col-md-offset-0 azh-col-lg-offset-0 az-elements-list\" data-cloneable=\"\"><div data-element=\"general\/text.htm\" data-responsive-xs=\"margin-bottom: 65px\"><div class=\"az-text azen-elastic-subheader-inverted-i az-contenteditable azen-elastic-font-family azen-elastic-body-color\" data-sr=\"\" style=\"font-size: 23px; font-weight: 400; font-style: normal; line-height: 32px; text-align: left; word-spacing: -2px; margin-top: 3px; \">Prov\u00e1d\u00edme profesion\u00e1ln\u00ed se\u0159\u00edzen\u00ed v\u0161ech typ\u016f oken.<div>\u0158ekn\u011bte stop v\u0161em nep\u0159\u00edjemn\u00fdm zvuk\u016fm, \u0161patn\u011b dolehav\u00fdm zav\u00edr\u00e1n\u00edm a otev\u00edr\u00e1n\u00edm okenn\u00edch k\u0159\u00eddel. P\u00e9\u010de o okno je to, co si V\u00e1\u0161 d\u016fm opravdu zaslou\u017e\u00ed.\u00a0<\/div><\/div><\/div><\/div><\/div><\/div><\/div><div data-element=\"general\/spacer.htm\" class=\"\"><div class=\"az-spacer az-resize\" data-group=\"spacer\" style=\"height: 40px; background-color: rgba(255, 255, 255, 0.0); \"><\/div><\/div><div data-element=\"elastic\/feature.htm\" class=\"\" style=\"display: block; \"><div class=\"azen azen1 azen2 azen3\"><div class=\"azen-elastic-feature\"><div class=\"azen-general\" data-cloneable-inline=\"\"><div class=\"azen-element\"><div class=\"azen-icon\"><span class=\"az-icon ti-files\"><\/span><\/div><div class=\"azen-content\"><div class=\"azen-title az-contenteditable\">P\u00e9\u010de o plastov\u00e9 profily&nbsp;<\/div><div class=\"azen-text az-contenteditable\">Lorem ipsum dolor sit amet, consectetur adipisicing elit. Sint ipsa voluptatibus.<\/div><\/div><\/div><div class=\"azen-element\"><div class=\"azen-icon\"><span class=\"ti-layers-alt az-icon\"><\/span><\/div><div class=\"azen-content\"><div class=\"azen-title az-contenteditable\">V\u00fdm\u011bna skel&nbsp;<\/div><div class=\"azen-text az-contenteditable\">Lorem ipsum dolor sit amet, consectetur adipisicing elit. Sint ipsa voluptatibus.<\/div><\/div><\/div><div class=\"azen-element\"><div class=\"azen-icon\"><span class=\"ti-settings az-icon\"><\/span><\/div><div class=\"azen-content\"><div class=\"azen-title az-contenteditable\">Se\u0159\u00edzen\u00ed kov\u00e1n\u00ed<\/div><div class=\"azen-text az-contenteditable\">Lorem ipsum dolor sit amet, consectetur adipisicing elit. Sint ipsa voluptatibus.<\/div><\/div><\/div><div class=\"azen-element\"><div class=\"azen-icon\"><span class=\"ti-archive az-icon\"><\/span><\/div><div class=\"azen-content\"><div class=\"azen-title az-contenteditable\">Zasekl\u00e9 otev\u00edr\u00e1n\u00ed<\/div><div class=\"azen-text az-contenteditable\">Lorem ipsum dolor sit amet, consectetur adipisicing elit. Sint ipsa voluptatibus.<\/div><\/div><\/div><div class=\"azen-element\"><div class=\"azen-icon\"><span class=\"ti-stats-up az-icon\"><\/span><\/div><div class=\"azen-content\"><div class=\"azen-title az-contenteditable\">N\u00e1hradn\u00ed d\u00edly<\/div><div class=\"azen-text az-contenteditable\">Lorem ipsum dolor sit amet, consectetur adipisicing elit. Sint ipsa voluptatibus.<\/div><\/div><\/div><div class=\"azen-element\"><div class=\"azen-icon\"><span class=\"az-icon ti-files\"><\/span><\/div><div class=\"azen-content\"><div class=\"azen-title az-contenteditable\">Technick\u00e1 dokumentace<\/div><div class=\"azen-text az-contenteditable\">Lorem ipsum dolor sit amet, consectetur adipisicing elit. Sint ipsa voluptatibus.<\/div><\/div><\/div><\/div><\/div><\/div><\/div><\/div><\/div><\/div><\/div><div data-section=\"elastic\/features-big-11.html\" style=\"display: none\"><div data-full-width=\"true\" data-stretch-content=\"false\" data-content-width=\"full-width\" data-row-height=\"min-height\" data-column-position=\"stretch\" data-content-position=\"top\" data-column-padding=\"15\" style=\"padding-top: 100px; padding-bottom: 100px; background-image: url('\/'); background-color: rgba(33,33,33,1); \" data-background-type=\"classic\" data-parallax=\"false\" data-parallax-speed=\"40\" data-overflow-hidden=\"false\"><div class=\"az-overlay\" data-cloneable=\"\"><div><\/div><\/div><div class=\"az-shape-top\"><\/div><div class=\"az-shape-bottom\"><\/div><div class=\"azh-row\"><div class=\"azh-col-xs-12 azh-col-sm-12 azh-col-md-6 azh-col-lg-6 azh-col-xs-offset-0 azh-col-sm-offset-0 azh-col-md-offset-0 azh-col-lg-offset-0 az-elements-list\" data-cloneable=\"\" style=\"\" data-responsive-sm=\"padding-bottom: 60px\" data-responsive-xs=\"padding-bottom: 60px; \"><div data-cloneable=\"\" class=\"az-elements-list\"><div data-element=\"general\/text.htm\"><div class=\"az-text azen-elastic-header-inverted-i az-contenteditable azen-elastic-font-family azen-elastic-heading-color azen-header\" data-sr=\"\" style=\"text-align: left; \"><font color=\"#ffffff\"><span style=\"caret-color: rgb(255, 255, 255);\">INTERLOGPRO\u00a0<\/span><\/font><\/div><\/div><div data-element=\"general\/spacer.htm\"><div class=\"az-spacer az-resize\" data-group=\"spacer\" style=\"height: 34px; background-color: rgba(255, 255, 255, 0.0); \"><\/div><\/div><div data-element=\"general\/text.htm\"><div class=\"az-text azen-elastic-subheader-inverted-i az-contenteditable azen-elastic-font-family azen-elastic-body-color\" data-sr=\"\" style=\"font-size: 26px; font-weight: 300; text-align: left; line-height: 35px; \"><span style=\"color: #ffffff; \"> Guide your visitors through your funnel by visually building conversion journeys on your website <\/span><\/div><\/div><div data-element=\"general\/spacer.htm\"><div class=\"az-spacer az-resize\" data-group=\"spacer\" style=\"height: 49px; background-color: rgba(255, 255, 255, 0.0); \"><\/div><\/div><div data-element=\"elastic\/button-white.htm\"><div class=\"azen azen1 azen2 azen3\"><div class=\"azen-elastic-button-white az-button\"><a href=\"\/\" target=\"_blank\"><span class=\"az-icon fa fa-external-link-square\"><\/span><span class=\"az-contenteditable\">Click here to get access now<\/span><span class=\"az-icon fa fa-external-link-square\"><\/span><\/a><\/div><\/div><\/div><div data-element=\"general\/spacer.htm\"><div class=\"az-spacer az-resize\" data-group=\"spacer\" style=\"height: 50px; background-color: rgba(255, 255, 255, 0.0); \"><\/div><\/div><div data-element=\"general\/text.htm\"><div class=\"az-text az-contenteditable azen-elastic-font-family azen-elastic-body-color\" data-sr=\"\" style=\"font-size: 14px; font-weight: 300; text-align: left; line-height: 28px; \"><span style=\"color: #ffffff; \"> No extra fee or any hidden cost <\/span><\/div><\/div><\/div><\/div><div class=\"azh-col-xs-12 azh-col-sm-12 azh-col-md-6 azh-col-lg-6 azh-col-xs-offset-0 azh-col-sm-offset-0 azh-col-md-offset-0 azh-col-lg-offset-0 az-elements-list\" data-cloneable=\"\"><div data-element=\"elastic\/icon-list.htm\"><div class=\"azen azen1 azen2 azen3\"><div class=\"azen-elastic-icon-list\" data-cloneable-inline=\"\"><div class=\"azen-item\"><div class=\"azen-icon\"><span class=\"az-icon entypo-icon entypo-icon-check azen-accent-1-color\" style=\"\"><\/span><\/div><div class=\"azen-info az-contenteditable\"><span style=\"color: #ffffff; \"> The most intuitive drag and drop builder <\/span><\/div><\/div><div class=\"azen-item\"><div class=\"azen-icon\"><span class=\"az-icon entypo-icon entypo-icon-check azen-accent-1-color azh-context\" style=\"\"><\/span><\/div><div class=\"azen-info az-contenteditable\"><span style=\"color: #ffffff; \"> Target each campaing to the right users <\/span><\/div><\/div><div class=\"azen-item\"><div class=\"azen-icon\"><span class=\"az-icon entypo-icon entypo-icon-check azen-accent-1-color\" style=\"\"><\/span><\/div><div class=\"azen-info az-contenteditable\"><span style=\"color: #ffffff; \"> Learn and optimize with A\/B testing <\/span><\/div><\/div><div class=\"azen-item\"><div class=\"azen-icon\"><span class=\"entypo-icon entypo-icon-check az-icon azen-accent-1-color\" style=\"\"><\/span><\/div><div class=\"azen-info az-contenteditable\"><span style=\"color: #ffffff; \"> Offer single or bulk codes <\/span><\/div><\/div><div class=\"azen-item\"><div class=\"azen-icon\"><span class=\"entypo-icon entypo-icon-check az-icon azen-accent-1-color\" style=\"\"><\/span><\/div><div class=\"azen-info az-contenteditable\"><span style=\"color: #ffffff; \"> The most intuitive drag and drop builder <\/span><\/div><\/div><div class=\"azen-item\"><div class=\"azen-icon\"><span class=\"entypo-icon entypo-icon-check az-icon azen-accent-1-color\" style=\"\"><\/span><\/div><div class=\"azen-info az-contenteditable\"><span style=\"color: #ffffff; \"> Send automated e-mails <\/span><\/div><\/div><\/div><\/div><\/div><\/div><\/div><\/div><\/div><div data-section=\"elastic\/features-big-2.html\" style=\"display: none\"><div data-full-width=\"false\" data-stretch-content=\"false\" data-content-width=\"full-width\" data-row-height=\"min-height\" data-column-position=\"middle\" data-content-position=\"top\" data-column-padding=\"15\" style=\"padding-top: 100px; padding-bottom: 100px; \" data-background-type=\"none\" data-parallax=\"false\" data-parallax-speed=\"40\" data-overflow-hidden=\"false\"><div class=\"az-overlay\" data-cloneable=\"\"><div><\/div><\/div><div class=\"az-shape-top\"><\/div><div class=\"az-shape-bottom\"><\/div><div class=\"azh-row\"><div class=\"azh-col-xs-12 azh-col-sm-12 azh-col-md-12 azh-col-lg-12 azh-col-xs-offset-0 azh-col-sm-offset-0 azh-col-md-offset-0 azh-col-lg-offset-0 az-elements-list\" data-cloneable=\"\"><div data-element=\"\"><\/div><\/div><\/div><\/div><\/div><div data-section=\"elastic\/features-big-2.html\" style=\"display: none\"><div data-full-width=\"true\" data-stretch-content=\"false\" data-content-width=\"full-width\" data-row-height=\"min-height\" data-column-position=\"middle\" data-content-position=\"top\" data-column-padding=\"15\" style=\"padding-top: 100px; padding-bottom: 100px; border-style: solid; border-color: rgba(238,238,238,1); border-top-width: 0px; border-bottom-width: 0px; \" data-background-type=\"none\" data-parallax=\"false\" data-parallax-speed=\"40\" data-overflow-hidden=\"false\"><div class=\"az-overlay\" data-cloneable=\"\"><div><\/div><\/div><div class=\"az-shape-top\"><\/div><div class=\"az-shape-bottom\"><\/div><div class=\"azh-row\"><div class=\"azh-col-xs-12 azh-col-sm-12 azh-col-md-12 azh-col-lg-12 azh-col-xs-offset-0 azh-col-sm-offset-0 azh-col-md-offset-0 azh-col-lg-offset-0 az-elements-list\" data-cloneable=\"\" style=\"\" data-responsive-sm=\"padding-bottom: 60px\" data-responsive-xs=\"padding-bottom: 60px; \"><div data-element=\"\"><\/div><\/div><\/div><\/div><\/div><div data-section=\"elastic\/cta-8.html\"><div class=\"azen-elastic-background-inverted\" data-inverted-styles=\"false\" data-full-width=\"true\" data-stretch-content=\"false\" data-content-width=\"boxed\" data-row-height=\"\" data-column-position=\"stretch\" data-content-position=\"top\" data-column-padding=\"15\" data-background-type=\"classic\" style=\"background-image: url('\/'); padding-top: 90px; padding-bottom: 90px; border-style: none; border-top-width: 1px; border-bottom-width: 1px; \" data-parallax=\"false\" data-parallax-speed=\"40\" data-overflow-hidden=\"false\"><div class=\"az-overlay\" data-cloneable=\"\"><div><\/div><\/div><div class=\"az-shape-top\"><\/div><div class=\"az-shape-bottom az-invert\" data-html-switcher=\"waves.svg\"><svg xmlns=\"http:\/\/www.w3.org\/2000\/svg\" viewbox=\"0 0 1000 100\" preserveaspectratio=\"none\"><path class=\"az-shape-fill azen-elastic-fill-bg-color\" d=\"M421.9,6.5c22.6-2.5,51.5,0.4,75.5,5.3c23.6,4.9,70.9,23.5,100.5,35.7c75.8,32.2,133.7,44.5,192.6,49.7 c23.6,2.1,48.7,3.5,103.4-2.5c54.7-6,106.2-25.6,106.2-25.6V0H0v30.3c0,0,72,32.6,158.4,30.5c39.2-0.7,92.8-6.7,134-22.4 c21.2-8.1,52.2-18.2,79.7-24.2C399.3,7.9,411.6,7.5,421.9,6.5z\" style=\"\"><\/path><\/svg><\/div><div class=\"azh-row\" style=\"max-width: 900px; \"><div class=\"azh-col-xs-12 azh-col-sm-12 azh-col-md-12 azh-col-lg-12 azh-col-xs-offset-0 azh-col-sm-offset-0 azh-col-md-offset-0 azh-col-lg-offset-0 az-elements-list\" data-cloneable=\"\"><\/div><\/div><\/div><\/div>","protected":false},"excerpt":{"rendered":"<p>Pot\u0159ebujete se\u0159\u00eddit okna nebo dve\u0159e? Obra\u0165te se na n\u00e1s!&nbsp;Prov\u00e1d\u00edme profesion\u00e1ln\u00ed se\u0159\u00edzen\u00ed v\u0161ech typ\u016f oken.\u0158ekn\u011bte stop v\u0161em nep\u0159\u00edjemn\u00fdm zvuk\u016fm, \u0161patn\u011b dolehav\u00fdm zav\u00edr\u00e1n\u00edm a otev\u00edr\u00e1n\u00edm okenn\u00edch k\u0159\u00eddel. P\u00e9\u010de o okno je to, co si V\u00e1\u0161 d\u016fm opravdu zaslou\u017e\u00ed.\u00a0P\u00e9\u010de o plastov\u00e9 profily&nbsp;Lorem ipsum dolor sit amet, consectetur adipisicing elit. Sint ipsa voluptatibus.V\u00fdm\u011bna skel&nbsp;Lorem ipsum dolor sit amet, consectetur [&hellip;]<\/p>\n","protected":false},"author":1,"featured_media":0,"parent":0,"menu_order":0,"comment_status":"closed","ping_status":"closed","template":"page-templates\/with-container.php","meta":[],"_links":{"self":[{"href":"https:\/\/www.interlogpro.eu\/index.php\/wp-json\/wp\/v2\/pages\/1566"}],"collection":[{"href":"https:\/\/www.interlogpro.eu\/index.php\/wp-json\/wp\/v2\/pages"}],"about":[{"href":"https:\/\/www.interlogpro.eu\/index.php\/wp-json\/wp\/v2\/types\/page"}],"author":[{"embeddable":true,"href":"https:\/\/www.interlogpro.eu\/index.php\/wp-json\/wp\/v2\/users\/1"}],"replies":[{"embeddable":true,"href":"https:\/\/www.interlogpro.eu\/index.php\/wp-json\/wp\/v2\/comments?post=1566"}],"version-history":[{"count":8,"href":"https:\/\/www.interlogpro.eu\/index.php\/wp-json\/wp\/v2\/pages\/1566\/revisions"}],"predecessor-version":[{"id":4544,"href":"https:\/\/www.interlogpro.eu\/index.php\/wp-json\/wp\/v2\/pages\/1566\/revisions\/4544"}],"wp:attachment":[{"href":"https:\/\/www.interlogpro.eu\/index.php\/wp-json\/wp\/v2\/media?parent=1566"}],"curies":[{"name":"wp","href":"https:\/\/api.w.org\/{rel}","templated":true}]}}