{"id":2104,"date":"2018-07-09T13:53:29","date_gmt":"2018-07-09T13:53:29","guid":{"rendered":"http:\/\/azexo.com\/elastic\/?page_id=2104"},"modified":"2021-05-28T12:22:54","modified_gmt":"2021-05-28T12:22:54","slug":"about-2","status":"publish","type":"page","link":"https:\/\/www.interlogpro.eu\/","title":{"rendered":"Proto\u017ee okna d\u011blaj\u00ed d\u016fm&#8230;"},"content":{"rendered":"<div data-section=\"elastic\/text-block-10.html\"><div class=\"azen-elastic-text-block-10 azen-elastic-background-inverted azen-elastic-border-color\" data-inverted-styles=\"false\" data-full-width=\"true\" data-stretch-content=\"false\" data-content-width=\"full-width\" data-row-height=\"\" data-column-position=\"stretch\" data-content-position=\"top\" data-column-padding=\"15\" data-background-type=\"none\" style=\"background-image: url('\/'); padding-top: 130px; padding-bottom: 154px; border-style: none; border-bottom-width: 1px; \" data-parallax=\"false\" data-parallax-speed=\"40\" data-overflow-hidden=\"false\"><div class=\"az-overlay\" data-cloneable=\"\"><div><\/div><\/div><div class=\"az-shape-top\"><\/div><div class=\"az-shape-bottom\"><\/div><div class=\"azh-row\"><div class=\"azh-col-xs-12 azh-col-sm-12 azh-col-md-12 azh-col-xs-offset-0 azh-col-sm-offset-0 azh-col-md-offset-0 azh-col-lg-offset-0 az-elements-list azh-col-lg-12\" data-cloneable=\"\"><div data-element=\"general\/text.htm\" style=\"margin-bottom: 35px; \"><div class=\"az-text azen-elastic-header-inverted-i az-contenteditable azen-elastic-font-family azen-elastic-heading-color azen-header\" data-sr=\"\" style=\"text-align: left; \" data-responsive-xs=\"font-size: 24px; \">Kvalitn\u00ed plastov\u00e1 okna a dve\u0159e, vyrobena podle&nbsp;<span style=\"letter-spacing: 0px;\">Va\u0161ich p\u0159edstav a rozm\u011br\u016f. Vyberte\u00a0<\/span><span style=\"letter-spacing: 0px;\">si\u00a0<\/span><span style=\"letter-spacing: 0px;\">z \u0161irok\u00e9\u00a0<\/span><span style=\"letter-spacing: 0px;\">nab\u00eddky skel, materi\u00e1l\u016f a odst\u00edn\u016f barev.\u00a0<\/span><\/div><\/div><div data-element=\"general\/text.htm\"><div class=\"az-text azen-elastic-subheader-inverted-i az-contenteditable azen-elastic-font-family azen-elastic-body-color\" data-sr=\"\" style=\"font-size: 18px; font-weight: 300; text-align: left; line-height: 24px; \">Jsme \u010desk\u00e1 firma zab\u00fdvaj\u00edc\u00ed se v\u00fdrobou a distribuc\u00ed plastov\u00fdch EURO oken&nbsp;<div>nejvy\u0161\u0161\u00ed kvality.\u00a0<span style=\"letter-spacing: 0px;\">Kvalita, rychlost a dob\u0159e odveden\u00e1 pr\u00e1ce je pro n\u00e1s tou nejlep\u0161\u00ed vizitkou!\u00a0<\/span><\/div><\/div><\/div><\/div><\/div><\/div><\/div><div data-section=\"empty rows\/2 columns.html\"><div data-full-width=\"false\" data-stretch-content=\"false\" data-content-width=\"full-width\" data-row-height=\"min-height\" data-column-position=\"middle\" data-content-position=\"top\" data-column-padding=\"15\" style=\"padding-top: 0px; padding-bottom: 0px; \" data-background-type=\"none\" data-parallax=\"false\" data-parallax-speed=\"40\" data-overflow-hidden=\"false\"><div class=\"az-overlay\" data-cloneable=\"\"><div><\/div><\/div><div class=\"az-shape-top\"><\/div><div class=\"az-shape-bottom\"><\/div><div class=\"azh-row\"><div class=\"azh-col-xs-12 azh-col-sm-12 azh-col-md-6 azh-col-lg-6 azh-col-xs-offset-0 azh-col-sm-offset-0 azh-col-md-offset-0 azh-col-lg-offset-0 az-elements-list\" data-cloneable=\"\"><div data-element=\"general\/image.htm\"><div class=\"az-image\" data-group=\"image\" style=\"text-align: left; display: block; \" data-sr=\"\" data-responsive-sm=\"text-align: center\" data-responsive-xs=\"text-align: center\"><img src=\"https:\/\/www.interlogpro.eu\/wp-content\/uploads\/2021\/03\/okno2.jpg\" style=\"display: inline; max-width: 100%; \" alt=\"\"\/><\/div><\/div><\/div><div class=\"azh-col-xs-12 azh-col-sm-12 azh-col-md-6 azh-col-lg-6 azh-col-xs-offset-0 azh-col-sm-offset-0 azh-col-md-offset-0 azh-col-lg-offset-0 az-elements-list\" data-cloneable=\"\" data-responsive-sm=\"padding-top: 50px; \" data-responsive-xs=\"padding-top: 30px; \"><div data-element=\"general\/image.htm\" style=\"\"><div class=\"az-image\" data-group=\"image\" style=\"text-align: center; display: block; \" data-sr=\"\" data-responsive-sm=\"text-align: center\"><img src=\"https:\/\/www.interlogpro.eu\/wp-content\/uploads\/2021\/03\/okno1.jpg\" style=\"display: inline; max-width: 100%; \" alt=\"\"\/><\/div><\/div><\/div><\/div><\/div><\/div><div data-section=\"elastic\/text-block-5.html\"><div class=\"azen-elastic-text-block-5 azen-elastic-background-inverted azen-elastic-border-color\" data-inverted-styles=\"false\" data-full-width=\"true\" data-stretch-content=\"false\" data-content-width=\"full-width\" data-row-height=\"\" data-column-position=\"stretch\" data-content-position=\"top\" data-column-padding=\"15\" data-background-type=\"none\" style=\"background-image: url('\/'); padding-top: 110px; padding-bottom: 100px; border-style: none; border-bottom-width: 1px; \" data-parallax=\"false\" data-parallax-speed=\"40\" data-overflow-hidden=\"false\"><div class=\"az-overlay\" data-cloneable=\"\"><div><\/div><\/div><div class=\"az-shape-top\"><\/div><div class=\"az-shape-bottom\"><\/div><div class=\"azh-row\"><div class=\"azh-col-xs-12 azh-col-sm-12 azh-col-md-6 azh-col-lg-6 azh-col-xs-offset-0 azh-col-sm-offset-0 azh-col-md-offset-0 azh-col-lg-offset-0 az-elements-list\" data-cloneable=\"\"><div data-element=\"general\/text.htm\" style=\"margin-bottom: 24px; \"><div class=\"az-text azen-elastic-subheader-inverted-i az-contenteditable azen-elastic-font-family azen-elastic-body-color\" data-sr=\"\" style=\"font-size: 26px; font-weight: 300; text-align: left; line-height: 36px; \">V\u0161e za\u010d\u00edn\u00e1 Va\u0161\u00ed my\u0161lenkou..<\/div><\/div><div data-element=\"general\/text.htm\" style=\"margin-bottom: 40px; margin-right: 120px; \" data-responsive-md=\"margin-right: 0px\" data-responsive-sm=\"margin-right: 0px\" data-responsive-xs=\"margin-right: 0px\"><div class=\"az-text azen-elastic-header-inverted-i az-contenteditable azen-elastic-font-family azen-elastic-heading-color azen-header\" data-sr=\"\" style=\"text-align: left; \">Tvo\u0159te v hlav\u011b sv\u00e9 sny\u2026..<span style=\"letter-spacing: 0px;\">P\u0159ijedeme, zakresl\u00edme, nacen\u00edme \u2026.<\/span><\/div><\/div><\/div><div class=\"azh-col-xs-12 azh-col-sm-12 azh-col-md-3 azh-col-lg-3 azh-col-xs-offset-0 azh-col-sm-offset-0 azh-col-md-offset-0 azh-col-lg-offset-0 az-elements-list\" data-cloneable=\"\"><div data-element=\"general\/text.htm\" style=\"margin-bottom: 20px; \"><div class=\"az-text azen-elastic-subheader-inverted-i az-contenteditable azen-elastic-font-family azen-elastic-body-color\" data-sr=\"\" style=\"font-size: 20px; font-weight: 300; text-align: left; line-height: 34px; \">Na\u0161i technici po po\u017eadavku vyhotoven\u00ed popt\u00e1vky p\u0159ijedou k V\u00e1m\u2026.<div>V\u0161e s p\u0159esnost\u00ed zakresl\u00ed\u00a0<\/div><div>a prodiskutuj\u00ed nejlep\u0161\u00ed v\u00fdhodonou variantu pro Va\u0161\u00ed nemovitost.<\/div><\/div><\/div><\/div><div class=\"azh-col-xs-12 azh-col-sm-12 azh-col-md-3 azh-col-lg-3 azh-col-xs-offset-0 azh-col-sm-offset-0 azh-col-md-offset-0 azh-col-lg-offset-0 az-elements-list\" data-cloneable=\"\"><div data-element=\"general\/text.htm\"><div class=\"az-text azen-elastic-subheader-inverted-i az-contenteditable azen-elastic-font-family azen-elastic-body-color\" data-sr=\"\" style=\"font-size: 20px; font-weight: 300; text-align: left; line-height: 34px; \">D\u016fle\u017eit\u00e9 je v\u0161e dob\u0159e, rozkreslit a vytvo\u0159it technick\u00e9 dokumenty, kter\u00e9 p\u0159ed\u00e1me n\u00e1sledn\u011b p\u0159ed\u00e1v\u00e1me do v\u00fdroby.<\/div><\/div><\/div><\/div><\/div><\/div><div data-section=\"elastic\/about-us.html\"><div class=\"azen-elastic-about-us azen-elastic-background-inverted azen-elastic-border-color\" data-inverted-styles=\"false\" data-full-width=\"true\" data-stretch-content=\"false\" data-content-width=\"full-width\" data-row-height=\"\" data-column-position=\"stretch\" data-content-position=\"top\" data-column-padding=\"15\" data-background-type=\"none\" style=\"background-image: url('\/'); padding-top: 100px; border-style: none; border-bottom-width: 1px; padding-bottom: 60px; \" data-parallax=\"false\" data-parallax-speed=\"40\" data-overflow-hidden=\"false\"><div class=\"az-overlay\" data-cloneable=\"\"><div><\/div><\/div><div class=\"az-shape-top\"><\/div><div class=\"az-shape-bottom\"><\/div><div class=\"azh-row\"><div class=\"azh-col-xs-12 azh-col-sm-12 azh-col-md-12 azh-col-lg-12 azh-col-xs-offset-0 azh-col-sm-offset-0 azh-col-md-offset-0 azh-col-lg-offset-0 az-elements-list\" data-cloneable=\"\"><div data-element=\"empty rows\/row.htm\" class=\"az-top-right-controls\"><div data-row-height=\"\" data-column-position=\"stretch\" data-content-width=\"boxed\" data-content-position=\"top\" data-column-padding=\"0\" style=\"padding-top: 0px; padding-bottom: 0px; \"><div class=\"azh-row\" style=\"\"><div class=\"azh-col-xs-12 azh-col-sm-12 azh-col-md-12 azh-col-lg-12 azh-col-xs-offset-0 azh-col-sm-offset-0 azh-col-md-offset-0 azh-col-lg-offset-0 az-elements-list\" data-cloneable=\"\" style=\"align-items: flex-start; \"><div data-element=\"general\/text.htm\" style=\"margin-bottom: 70px; \"><div class=\"az-text azen-elastic-header-inverted-i az-contenteditable azen-elastic-font-family azen-elastic-heading-color azen-header\" data-sr=\"\" style=\"text-align: left; \">Na\u0161e okna jsou vhodn\u00e1 pro v\u0161echny druhy staveb (rodinn\u00e9 i bytov\u00e9 domy, pr\u016fmyslov\u00e9 objekty).<\/div><\/div><\/div><\/div><\/div><\/div><\/div><\/div><\/div><\/div><div data-section=\"elastic\/testimonial-big-section.html\"><div class=\"azen-elastic-background-inverted azen-elastic-border-color azen-elastic-bg-color\" data-inverted-styles=\"false\" data-full-width=\"true\" data-stretch-content=\"false\" data-content-width=\"full-width\" data-row-height=\"\" data-column-position=\"stretch\" data-content-position=\"top\" data-column-padding=\"15\" data-background-type=\"classic\" style=\"background-image: url('https:\/\/www.interlogpro.eu\/wp-content\/uploads\/2021\/03\/footer_hlavni.jpg'); padding-top: 110px; padding-bottom: 110px; border-style: none; border-bottom-width: 1px; background-position: center center; \" data-parallax=\"false\" data-parallax-speed=\"40\" data-overflow-hidden=\"false\"><div class=\"az-overlay\" data-cloneable=\"\"><div><\/div><\/div><div class=\"az-shape-top\" style=\"\"><\/div><div class=\"az-shape-bottom\" style=\"\"><\/div><div class=\"azh-row\" style=\"max-width: 1600px; \"><div class=\"azh-col-xs-12 azh-col-sm-12 azh-col-md-12 azh-col-lg-12 azh-col-xs-offset-0 azh-col-sm-offset-0 azh-col-md-offset-0 azh-col-lg-offset-0 az-elements-list\" data-cloneable=\"\"><div data-element=\"layout\/background.htm\" class=\"az-top-right-controls\"><div class=\"az-background\" style=\"background-color: transparent; background-image: url('\/')\" data-sr=\"\"><div class=\"az-overlay\" data-cloneable=\"\"><div><\/div><\/div><div data-cloneable=\"\" class=\"az-elements-list\"><div data-element=\"\"><\/div><\/div><\/div><\/div><\/div><\/div><\/div><\/div>","protected":false},"excerpt":{"rendered":"<p>Kvalitn\u00ed plastov\u00e1 okna a dve\u0159e, vyrobena podle&nbsp;Va\u0161ich p\u0159edstav a rozm\u011br\u016f. Vyberte\u00a0si\u00a0z \u0161irok\u00e9\u00a0nab\u00eddky skel, materi\u00e1l\u016f a odst\u00edn\u016f barev.\u00a0Jsme \u010desk\u00e1 firma zab\u00fdvaj\u00edc\u00ed se v\u00fdrobou a distribuc\u00ed plastov\u00fdch EURO oken&nbsp;nejvy\u0161\u0161\u00ed kvality.\u00a0Kvalita, rychlost a dob\u0159e odveden\u00e1 pr\u00e1ce je pro n\u00e1s tou nejlep\u0161\u00ed vizitkou!\u00a0V\u0161e za\u010d\u00edn\u00e1 Va\u0161\u00ed my\u0161lenkou..Tvo\u0159te v hlav\u011b sv\u00e9 sny\u2026..P\u0159ijedeme, zakresl\u00edme, nacen\u00edme \u2026.Na\u0161i technici po po\u017eadavku vyhotoven\u00ed popt\u00e1vky p\u0159ijedou [&hellip;]<\/p>\n","protected":false},"author":1,"featured_media":0,"parent":0,"menu_order":0,"comment_status":"closed","ping_status":"closed","template":"page-templates\/with-container.php","meta":[],"_links":{"self":[{"href":"https:\/\/www.interlogpro.eu\/index.php\/wp-json\/wp\/v2\/pages\/2104"}],"collection":[{"href":"https:\/\/www.interlogpro.eu\/index.php\/wp-json\/wp\/v2\/pages"}],"about":[{"href":"https:\/\/www.interlogpro.eu\/index.php\/wp-json\/wp\/v2\/types\/page"}],"author":[{"embeddable":true,"href":"https:\/\/www.interlogpro.eu\/index.php\/wp-json\/wp\/v2\/users\/1"}],"replies":[{"embeddable":true,"href":"https:\/\/www.interlogpro.eu\/index.php\/wp-json\/wp\/v2\/comments?post=2104"}],"version-history":[{"count":19,"href":"https:\/\/www.interlogpro.eu\/index.php\/wp-json\/wp\/v2\/pages\/2104\/revisions"}],"predecessor-version":[{"id":4635,"href":"https:\/\/www.interlogpro.eu\/index.php\/wp-json\/wp\/v2\/pages\/2104\/revisions\/4635"}],"wp:attachment":[{"href":"https:\/\/www.interlogpro.eu\/index.php\/wp-json\/wp\/v2\/media?parent=2104"}],"curies":[{"name":"wp","href":"https:\/\/api.w.org\/{rel}","templated":true}]}}