{"id":2321,"date":"2018-07-10T09:40:35","date_gmt":"2018-07-10T09:40:35","guid":{"rendered":"http:\/\/azexo.com\/elastic\/?page_id=2321"},"modified":"2021-05-26T05:55:22","modified_gmt":"2021-05-26T05:55:22","slug":"portfolio-1","status":"publish","type":"page","link":"https:\/\/www.interlogpro.eu\/index.php\/portfolio-1\/","title":{"rendered":"Portfolio"},"content":{"rendered":"<div data-section=\"elastic\/projects-section.html\"><div data-full-width=\"true\" data-stretch-content=\"false\" data-content-width=\"full-width\" data-row-height=\"\" data-column-position=\"stretch\" data-content-position=\"top\" data-column-padding=\"15\" style=\"padding-top: 100px; padding-bottom: 70px; \" data-background-type=\"classic\" data-parallax=\"false\" data-parallax-speed=\"40\" data-overflow-hidden=\"false\"><div class=\"az-overlay\" data-cloneable=\"\"><div><\/div><\/div><div class=\"az-shape-top\"><\/div><div class=\"az-shape-bottom\"><\/div><div class=\"azh-row\"><div class=\"azh-col-xs-12 azh-col-sm-12 azh-col-md-12 azh-col-lg-12 azh-col-xs-offset-0 azh-col-sm-offset-0 azh-col-md-offset-0 azh-col-lg-offset-0 az-elements-list\" data-cloneable=\"\"><div data-element=\"general\/text.htm\"><div class=\"az-text azen-elastic-subheader-inverted-i az-contenteditable azen-elastic-font-family azen-elastic-body-color\" data-sr=\"\" style=\"font-size: 26px; font-weight: 300; text-align: center; line-height: 34px; \">NA\u0160E PORTFOLIO<\/div><\/div><div data-element=\"general\/spacer.htm\"><div class=\"az-spacer az-resize\" data-group=\"spacer\" style=\"height: 35px; background-color: rgba(255, 255, 255, 0.0); \"><\/div><\/div><div data-element=\"empty rows\/row.htm\" class=\"az-top-right-controls\"><div data-row-height=\"\" data-column-position=\"stretch\" data-content-width=\"boxed\" data-content-position=\"top\" data-column-padding=\"15\" style=\"padding-top: 0px; padding-bottom: 0px; \"><div class=\"azh-row\" style=\"max-width: 892px; \"><div class=\"azh-col-xs-12 azh-col-sm-12 azh-col-md-12 azh-col-lg-12 azh-col-xs-offset-0 azh-col-sm-offset-0 azh-col-md-offset-0 azh-col-lg-offset-0 az-elements-list\" data-cloneable=\"\"><div data-element=\"general\/text.htm\" style=\"\"><div class=\"az-text azen-elastic-header-inverted-i az-contenteditable azen-elastic-font-family azen-elastic-heading-color azen-header\" data-sr=\"\" style=\"text-align: center; \">PROHL\u00c9DN\u011aTE SI, JAK PROB\u00cdH\u00c1 KOMPLETN\u00cd V\u00ddM\u011aNA PLASTOV\u00ddCH OKEN, DVE\u0158\u00cd A DAL\u0160\u00cdCH KONSTRUK\u010cN\u00cdCH PRVK\u016e.<\/div><\/div><\/div><\/div><\/div><\/div><div data-element=\"general\/spacer.htm\" class=\"\"><div class=\"az-spacer az-resize\" data-group=\"spacer\" style=\"height: 60px; background-color: rgba(255, 255, 255, 0.0); \"><\/div><\/div><div data-element=\"elastic\/projects.htm\"><div class=\"az-isotope azen-elastic-isotope\"><div class=\"az-isotope-filters\" data-cloneable=\"\" style=\"margin-bottom: 60px; \"><div class=\"az-active\" data-filter=\"*\" style=\"margin-right: 1px; \"><span class=\"az-contenteditable\">V\u0160E<\/span><\/div><div class=\"\" data-filter=\".tag-1\" style=\"margin-right: 1px; \"><span class=\"az-contenteditable\">DEN 1<\/span><\/div><div class=\"\" data-filter=\".tag-2\" style=\"margin-right: 1px; \"><span class=\"az-contenteditable\">DEN 2<\/span><\/div><div class=\"\" data-filter=\".tag-3\" style=\"margin-right: 1px; \"><span class=\"az-contenteditable\">DEN 3<\/span><\/div><\/div><div class=\"az-isotope-items\" data-cloneable=\"\" data-columns=\"6\" data-columns-md=\"2\" data-columns-sm=\"2\" data-columns-xs=\"1\" data-gutter=\"15\" data-layoutmode=\"fitRows\"><div class=\"az-item tag-1\" data-columns=\"3\" data-columns-md=\"1\" data-columns-sm=\"1\" data-columns-xs=\"1\"><div class=\"azen azen1 azen2 azen3\"><div class=\"azen-elastic-project\"><a href=\"\/\"><div class=\"azen-thumbnail\"><div class=\"azen-image\" style=\"background-image: url('https:\/\/www.interlogpro.eu\/wp-content\/uploads\/2021\/03\/IMG_20180205_140604-1-scaled.jpg'); height: 300px; \"><\/div><\/div><div class=\"azen-data\"><div class=\"azen-title az-contenteditable\">HRUB\u00c1 P\u0158\u00cdPRAVA OKENN\u00cdHO OTVORU<\/div><div class=\"azen-type az-contenteditable\">V\u0160E P\u0158IPRAV\u00cdME PODLE VA\u0160ICH P\u0158EDSTAV<\/div><\/div><\/a><\/div><\/div><\/div><div class=\"az-item tag-2\" data-columns=\"3\" data-columns-md=\"1\" data-columns-sm=\"1\" data-columns-xs=\"1\"><div class=\"azen azen1 azen2 azen3\"><div class=\"azen-elastic-project\"><a href=\"\/\"><div class=\"azen-thumbnail\"><div class=\"azen-image\" style=\"background-image: url('https:\/\/www.interlogpro.eu\/wp-content\/uploads\/2021\/03\/IMG_20171207_145248.jpg'); height: 300px; \"><\/div><\/div><div class=\"azen-data\"><div class=\"azen-title az-contenteditable\">VYM\u011a\u0158EN\u00cd OKEN<\/div><div class=\"azen-type az-contenteditable\">PROV\u00c1D\u00cd SPECIALIZOVAN\u00dd PRACOVN\u00cdK<\/div><\/div><\/a><\/div><\/div><\/div><div class=\"az-item tag-3\" data-columns=\"2\" data-columns-md=\"1\" data-columns-sm=\"1\" data-columns-xs=\"1\"><div class=\"azen azen1 azen2 azen3\"><div class=\"azen-elastic-project\"><a href=\"\/\"><div class=\"azen-thumbnail\"><div class=\"azen-image\" style=\"background-image: url('https:\/\/www.interlogpro.eu\/wp-content\/uploads\/2021\/03\/IMG_20180129_150729-scaled.jpg'); height: 300px; \"><\/div><\/div><div class=\"azen-data\"><div class=\"azen-title az-contenteditable\">MONT\u00c1\u017d STAVEBN\u00cdCH PRVK\u016e<\/div><div class=\"azen-type az-contenteditable\">P\u011aNOV\u00c1N\u00cd A USAZEN\u00cd<\/div><\/div><\/a><\/div><\/div><\/div><div class=\"az-item tag-2\" data-columns=\"2\" data-columns-md=\"1\" data-columns-sm=\"1\" data-columns-xs=\"1\"><div class=\"azen azen1 azen2 azen3\"><div class=\"azen-elastic-project\"><a href=\"\/\"><div class=\"azen-thumbnail\"><div class=\"azen-image\" style=\"background-image: url('https:\/\/www.interlogpro.eu\/wp-content\/uploads\/2021\/03\/IMG_20180129_094106-scaled.jpg'); height: 300px; \"><\/div><\/div><div class=\"azen-data\"><div class=\"azen-title az-contenteditable\">ZEDNICK\u00c9 PR\u00c1CE<\/div><div class=\"azen-type az-contenteditable\">OM\u00cdT\u00c1N\u00cd A ZAHLAZEN\u00cd PROSTOR<\/div><\/div><\/a><\/div><\/div><\/div><div class=\"az-item tag-3\" data-columns=\"2\" data-columns-md=\"1\" data-columns-sm=\"1\" data-columns-xs=\"1\"><div class=\"azen azen1 azen2 azen3\"><div class=\"azen-elastic-project\"><a href=\"\/\"><div class=\"azen-thumbnail\"><div class=\"azen-image\" style=\"background-image: url('https:\/\/www.interlogpro.eu\/wp-content\/uploads\/2021\/03\/SERIZENI.jpg'); height: 300px; \"><\/div><\/div><div class=\"azen-data\"><div class=\"azen-title az-contenteditable\">FIN\u00c1LN\u00cd SE\u0158\u00cdZEN\u00cd K\u0158\u00cdDEL<\/div><div class=\"azen-type az-contenteditable\">PROV\u00c1D\u011aNO AUTORIZOVANOU OSOBOU<\/div><\/div><\/a><\/div><\/div><\/div><\/div><\/div><\/div><\/div><\/div><\/div><\/div><div data-section=\"elastic\/case-study-section.html\"><div data-full-width=\"true\" data-stretch-content=\"false\" data-content-width=\"full-width\" data-row-height=\"\" data-column-position=\"stretch\" data-content-position=\"top\" data-column-padding=\"15\" data-background-type=\"classic\" style=\"background-image: url('\/'); padding-top: 70px; padding-bottom: 120px; border-style: none; border-bottom-width: 1px; \" data-parallax=\"false\" data-parallax-speed=\"40\" data-overflow-hidden=\"false\" class=\"azen-elastic-border-color\"><div class=\"az-overlay\" data-cloneable=\"\"><div><\/div><\/div><div class=\"az-shape-top\" style=\"\"><\/div><div class=\"az-shape-bottom\" style=\"\"><\/div><div class=\"azh-row\" style=\"max-width: 310px; \"><div class=\"azh-col-xs-12 azh-col-sm-12 azh-col-md-12 azh-col-lg-12 azh-col-xs-offset-0 azh-col-sm-offset-0 azh-col-md-offset-0 azh-col-lg-offset-0 az-elements-list\" data-cloneable=\"\"><div data-element=\"general\/text.htm\"><div class=\"az-text azen-elastic-header-inverted-i az-contenteditable azen-elastic-font-family azen-elastic-heading-color azen-header\" data-sr=\"\" style=\"text-align: center; \">NA\u0160E OKNA JSOU VID\u011aT !<\/div><\/div><div data-element=\"general\/spacer.htm\"><div class=\"az-spacer az-resize\" data-group=\"spacer\" style=\"height: 35px; background-color: rgba(255, 255, 255, 0.0); \"><\/div><\/div><div data-element=\"empty rows\/row.htm\" class=\"az-top-right-controls\"><div data-row-height=\"\" data-column-position=\"stretch\" data-content-width=\"boxed\" data-content-position=\"top\" data-column-padding=\"0\" style=\"padding-top: 0px; padding-bottom: 0px; \"><div class=\"azh-row\" style=\"max-width: 850px; \"><div class=\"azh-col-xs-12 azh-col-sm-12 azh-col-md-12 azh-col-lg-12 azh-col-xs-offset-0 azh-col-sm-offset-0 azh-col-md-offset-0 azh-col-lg-offset-0 az-elements-list\" data-cloneable=\"\"><div data-element=\"general\/text.htm\"><div class=\"az-text azen-elastic-subheader-inverted-i az-contenteditable azen-elastic-font-family azen-elastic-body-color\" data-sr=\"\" style=\"font-size: 26px; font-weight: 300; text-align: center; line-height: 36px; \">JSME MOC R\u00c1DI, \u017dE JSTE S NA\u0160IMI OKNY SPOKOJENI.&nbsp;<div>NA\u0160I SPOKOJEN\u00cd KLIENTI. \u00a0<\/div><\/div><\/div><\/div><\/div><\/div><\/div><div data-element=\"general\/spacer.htm\" class=\"\"><div class=\"az-spacer az-resize\" data-group=\"spacer\" style=\"height: 80px; background-color: rgba(255, 255, 255, 0.0); \"><\/div><\/div><div data-element=\"\" class=\"az-element-wrapper\"><\/div><div data-element=\"elastic\/case-study.htm\" class=\"\"><div class=\"azen azen1 azen2 azen3\"><div class=\"azen-elastic-case-study\" data-cloneable=\"\"><div><div class=\"azen-case-study\"><div class=\"azen-image\"><img src=\"https:\/\/www.interlogpro.eu\/wp-content\/uploads\/2021\/03\/Snimek-obrazovky-2021-03-09-v-21.11.30.png\" alt=\"\"\/><\/div><div class=\"azen-content\"><div class=\"azen-title az-contenteditable\">VELKOOBCHOD<\/div><div class=\"azen-text az-contenteditable\">VELKOOBCHOD A PRODEJNY ZDRAV\u00ddCH V\u00dd\u017dIV. PROB\u011aHLA KOMPLETN\u00cd V\u00ddM\u011aNA KOMPLETN\u00cdCH PRVK\u016e NA\u0160\u00cd FIRMOU.<\/div><a class=\"azen-link az-contenteditable\" href=\"\/\"><br\/><\/a><\/div><\/div><\/div><div><div class=\"azen-case-study\"><div class=\"azen-image\"><img src=\"https:\/\/www.interlogpro.eu\/wp-content\/uploads\/2021\/03\/INTERLOG_2_WHITE-TRANSPARENCY1.png\" alt=\"\"\/><\/div><div class=\"azen-content\"><div class=\"azen-title az-contenteditable\">Z\u00c1KLADN\u00cd \u0160KOLA<\/div><div class=\"azen-text az-contenteditable\">PROB\u011aHLA KOMPLETN\u00cd<div>V\u00ddM\u011aNA OKENN\u00cdCH A DVE\u0158N\u00cdCH PRVK\u016e NA CEL\u00c9M OBJEKTU. DEMONT\u00c1\u017d STAR\u00ddCH\u00a0<div>OKENN\u00cdCH R\u00c1MU A DVE\u0158\u00cd.<\/div><div><br\/><\/div><\/div><\/div><a class=\"azen-link az-contenteditable\" href=\"\/\"><br\/><\/a><\/div><\/div><\/div><div><div class=\"azen-case-study\"><div class=\"azen-image\"><img src=\"https:\/\/www.interlogpro.eu\/wp-content\/uploads\/2018\/07\/vindicia.png\" alt=\"\"\/><\/div><div class=\"azen-content\"><div class=\"azen-title az-contenteditable\">RESORT BESKYDY<\/div><div class=\"azen-text az-contenteditable\"><div><span style='color: rgb(15, 117, 188); font-family: \"Work Sans\"; font-size: 20px;'>KOMPLETN\u00cd REKONSTRUKCE HORSK\u00c9HO RESORTU V BESKYDECH NA KR\u00c1SN\u00c9.<\/span><br\/><\/div><div>REALIZACE S MAXIM\u00c1LN\u00cd TEPELNOU ZT\u00c1TOU.\u00a0<\/div><\/div><a class=\"azen-link az-contenteditable\" href=\"\/\"><br\/><\/a><\/div><\/div><\/div><\/div><\/div><\/div><\/div><\/div><\/div><\/div><div data-section=\"elastic\/testimonials-6.html\" style=\"display: none\"><div data-full-width=\"true\" class=\"azen-elastic-background-inverted azen-elastic-inverted-brand-bg azen-elastic-border-body-alpha-color azen-elastic-bg-color\" data-background-type=\"classic\" data-inverted-styles=\"false\" style=\"border-style: none; border-top-width: 1px; border-bottom-width: 1px; background-image: url('\/'); \"><div class=\"az-overlay\" data-cloneable=\"\"><div><\/div><\/div><div class=\"az-shape-top\"><\/div><div class=\"az-shape-bottom\"><\/div><div class=\"az-splitted-section\" data-reverse=\"true\"><div class=\"az-background-column\" style=\"background-image: url('\/'); \"><div class=\"az-overlay\" data-cloneable=\"\"><div style=\"background-image: url('https:\/\/www.interlogpro.eu\/wp-content\/plugins\/elastik-page-builder\/azh\/images\/elastic\/people-2.png'); background-position: bottom center; background-repeat: no-repeat; \" data-responsive-md=\"background-position: bottom left; \" data-responsive-sm=\"background-position: bottom left; \"><\/div><\/div><\/div><div class=\"az-content-column\"><div data-cloneable=\"\" class=\"az-elements-list\"><div data-element=\"\"><\/div><\/div><\/div><\/div><\/div><\/div>","protected":false},"excerpt":{"rendered":"<p>NA\u0160E PORTFOLIOPROHL\u00c9DN\u011aTE SI, JAK PROB\u00cdH\u00c1 KOMPLETN\u00cd V\u00ddM\u011aNA PLASTOV\u00ddCH OKEN, DVE\u0158\u00cd A DAL\u0160\u00cdCH KONSTRUK\u010cN\u00cdCH PRVK\u016e.V\u0160EDEN 1DEN 2DEN 3HRUB\u00c1 P\u0158\u00cdPRAVA OKENN\u00cdHO OTVORUV\u0160E P\u0158IPRAV\u00cdME PODLE VA\u0160ICH P\u0158EDSTAVVYM\u011a\u0158EN\u00cd OKENPROV\u00c1D\u00cd SPECIALIZOVAN\u00dd PRACOVN\u00cdKMONT\u00c1\u017d STAVEBN\u00cdCH PRVK\u016eP\u011aNOV\u00c1N\u00cd A USAZEN\u00cdZEDNICK\u00c9 PR\u00c1CEOM\u00cdT\u00c1N\u00cd A ZAHLAZEN\u00cd PROSTORFIN\u00c1LN\u00cd SE\u0158\u00cdZEN\u00cd K\u0158\u00cdDELPROV\u00c1D\u011aNO AUTORIZOVANOU OSOBOUNA\u0160E OKNA JSOU VID\u011aT !JSME MOC R\u00c1DI, \u017dE JSTE S NA\u0160IMI OKNY SPOKOJENI.&nbsp;NA\u0160I SPOKOJEN\u00cd KLIENTI. \u00a0VELKOOBCHODVELKOOBCHOD A [&hellip;]<\/p>\n","protected":false},"author":1,"featured_media":0,"parent":0,"menu_order":0,"comment_status":"closed","ping_status":"closed","template":"page-templates\/with-container.php","meta":[],"_links":{"self":[{"href":"https:\/\/www.interlogpro.eu\/index.php\/wp-json\/wp\/v2\/pages\/2321"}],"collection":[{"href":"https:\/\/www.interlogpro.eu\/index.php\/wp-json\/wp\/v2\/pages"}],"about":[{"href":"https:\/\/www.interlogpro.eu\/index.php\/wp-json\/wp\/v2\/types\/page"}],"author":[{"embeddable":true,"href":"https:\/\/www.interlogpro.eu\/index.php\/wp-json\/wp\/v2\/users\/1"}],"replies":[{"embeddable":true,"href":"https:\/\/www.interlogpro.eu\/index.php\/wp-json\/wp\/v2\/comments?post=2321"}],"version-history":[{"count":11,"href":"https:\/\/www.interlogpro.eu\/index.php\/wp-json\/wp\/v2\/pages\/2321\/revisions"}],"predecessor-version":[{"id":4609,"href":"https:\/\/www.interlogpro.eu\/index.php\/wp-json\/wp\/v2\/pages\/2321\/revisions\/4609"}],"wp:attachment":[{"href":"https:\/\/www.interlogpro.eu\/index.php\/wp-json\/wp\/v2\/media?parent=2321"}],"curies":[{"name":"wp","href":"https:\/\/api.w.org\/{rel}","templated":true}]}}